{"id":10,"date":"2024-11-30T14:02:23","date_gmt":"2024-11-30T17:02:23","guid":{"rendered":"https:\/\/luxleder.com\/?page_id=10"},"modified":"2024-12-06T10:54:59","modified_gmt":"2024-12-06T13:54:59","slug":"refund_returns","status":"publish","type":"page","link":"https:\/\/luxleder.com\/?page_id=10","title":{"rendered":"\u0130ade ve De\u011fi\u015fim"},"content":{"rendered":"\t\t<div data-elementor-type=\"wp-page\" data-elementor-id=\"10\" class=\"elementor elementor-10\">\n\t\t\t\t<div class=\"elementor-element elementor-element-9560502 e-flex e-con-boxed e-con e-parent\" data-id=\"9560502\" data-element_type=\"container\" data-e-type=\"container\">\n\t\t\t\t\t<div class=\"e-con-inner\">\n\t\t\t\t<div class=\"elementor-element elementor-element-1283b8f5 elementor-widget elementor-widget-text-editor\" data-id=\"1283b8f5\" data-element_type=\"widget\" data-e-type=\"widget\" data-widget_type=\"text-editor.default\">\n\t\t\t\t<div class=\"elementor-widget-container\">\n\t\t\t\t\t\t\t\t\t\n<p><strong>TESL\u0130MAT VE \u0130ADE POL\u0130T\u0130KASI<\/strong><\/p>\n<p><strong>1. Teslimat S\u00fcreci<\/strong><\/p>\n<ul>\n<li>Sipari\u015fleriniz, onayland\u0131ktan sonra <strong>3-5 i\u015f g\u00fcn\u00fc<\/strong> i\u00e7inde kargoya teslim edilir.<\/li>\n<li>Kargo \u015firketinin teslimat s\u00fcresi b\u00f6lgeye g\u00f6re de\u011fi\u015fiklik g\u00f6sterebilir. Teslimat s\u0131ras\u0131nda, sipari\u015finizi kargo g\u00f6revlisi e\u015fli\u011finde kontrol ederek teslim alman\u0131z \u00f6nerilir.<\/li>\n<\/ul>\n<p><strong>2. \u0130ade \u015eartlar\u0131<\/strong><\/p>\n<ul>\n<li>Sat\u0131n ald\u0131\u011f\u0131n\u0131z \u00fcr\u00fcnleri, teslim tarihinden itibaren <strong>14 g\u00fcn i\u00e7inde<\/strong> iade edebilirsiniz.<\/li>\n<li>\u00dcr\u00fcnlerin kullan\u0131lmam\u0131\u015f, hasar g\u00f6rmemi\u015f ve tekrar sat\u0131labilir durumda olmas\u0131 gerekmektedir.<\/li>\n<li>\u0130ade i\u015flemlerinde kargo masraflar\u0131 m\u00fc\u015fteriye aittir, aksi belirtilmedi\u011fi s\u00fcrece geri \u00f6deme s\u00fcreci iade \u00fcr\u00fcn\u00fcn kontrol edilmesini takiben 10 i\u015f g\u00fcn\u00fc i\u00e7inde tamamlan\u0131r.<\/li>\n<\/ul>\n<p><strong>3. Hasarl\u0131 veya Hatal\u0131 \u00dcr\u00fcn<\/strong><br \/>E\u011fer teslim edilen \u00fcr\u00fcn hasarl\u0131 ya da hatal\u0131 ise, \u00fcr\u00fcn\u00fc teslim ald\u0131\u011f\u0131n\u0131z tarihten itibaren <strong>3 g\u00fcn i\u00e7inde<\/strong> bizimle ileti\u015fime ge\u00e7erek de\u011fi\u015fim veya iade talebinde bulunabilirsiniz.<\/p>\n\t\t\t\t\t\t\t\t<\/div>\n\t\t\t\t<\/div>\n\t\t\t\t\t<\/div>\n\t\t\t\t<\/div>\n\t\t\t\t<\/div>\n\t\t","protected":false},"excerpt":{"rendered":"<p>TESL\u0130MAT VE \u0130ADE POL\u0130T\u0130KASI 1. Teslimat S\u00fcreci Sipari\u015fleriniz, onayland\u0131ktan sonra 3-5 i\u015f g\u00fcn\u00fc i\u00e7inde kargoya&hellip;<\/p>\n","protected":false},"author":1,"featured_media":0,"parent":0,"menu_order":0,"comment_status":"closed","ping_status":"closed","template":"","meta":{"om_disable_all_campaigns":false,"footnotes":""},"class_list":["post-10","page","type-page","status-publish","hentry"],"aioseo_notices":[],"_hostinger_reach_plugin_has_subscription_block":false,"_hostinger_reach_plugin_is_elementor":false,"_links":{"self":[{"href":"https:\/\/luxleder.com\/index.php?rest_route=\/wp\/v2\/pages\/10","targetHints":{"allow":["GET"]}}],"collection":[{"href":"https:\/\/luxleder.com\/index.php?rest_route=\/wp\/v2\/pages"}],"about":[{"href":"https:\/\/luxleder.com\/index.php?rest_route=\/wp\/v2\/types\/page"}],"author":[{"embeddable":true,"href":"https:\/\/luxleder.com\/index.php?rest_route=\/wp\/v2\/users\/1"}],"replies":[{"embeddable":true,"href":"https:\/\/luxleder.com\/index.php?rest_route=%2Fwp%2Fv2%2Fcomments&post=10"}],"version-history":[{"count":7,"href":"https:\/\/luxleder.com\/index.php?rest_route=\/wp\/v2\/pages\/10\/revisions"}],"predecessor-version":[{"id":3085,"href":"https:\/\/luxleder.com\/index.php?rest_route=\/wp\/v2\/pages\/10\/revisions\/3085"}],"wp:attachment":[{"href":"https:\/\/luxleder.com\/index.php?rest_route=%2Fwp%2Fv2%2Fmedia&parent=10"}],"curies":[{"name":"wp","href":"https:\/\/api.w.org\/{rel}","templated":true}]}}