{"id":2564,"date":"2020-05-20T07:44:17","date_gmt":"2020-05-20T07:44:17","guid":{"rendered":"http:\/\/localhost\/test\/?page_id=2564"},"modified":"2024-12-06T10:42:18","modified_gmt":"2024-12-06T13:42:18","slug":"hakkimizda","status":"publish","type":"page","link":"https:\/\/luxleder.com\/?page_id=2564","title":{"rendered":"Hakk\u0131m\u0131zda"},"content":{"rendered":"\t\t<div data-elementor-type=\"wp-page\" data-elementor-id=\"2564\" class=\"elementor elementor-2564\">\n\t\t\t\t\t\t<section class=\"elementor-section elementor-top-section elementor-element elementor-element-b4860ca elementor-section-height-full elementor-section-boxed elementor-section-height-default elementor-section-items-middle\" data-id=\"b4860ca\" data-element_type=\"section\" data-e-type=\"section\">\n\t\t\t\t\t\t<div class=\"elementor-container elementor-column-gap-default\">\n\t\t\t\t\t<div class=\"elementor-column elementor-col-100 elementor-top-column elementor-element elementor-element-110d28f\" data-id=\"110d28f\" data-element_type=\"column\" data-e-type=\"column\">\n\t\t\t<div class=\"elementor-widget-wrap elementor-element-populated\">\n\t\t\t\t\t\t<div class=\"elementor-element elementor-element-e31f68e elementor-widget elementor-widget-sober-section-heading\" data-id=\"e31f68e\" data-element_type=\"widget\" data-e-type=\"widget\" data-widget_type=\"sober-section-heading.default\">\n\t\t\t\t<div class=\"elementor-widget-container\">\n\t\t\t\t\t<h2 class=\"sober-section-heading sober-section-heading--large sober-section-header--align-left\"><span class=\"sober-section-heading__title\">Lux Leder<\/span><\/h2>\t\t\t\t<\/div>\n\t\t\t\t<\/div>\n\t\t\t\t<div class=\"elementor-element elementor-element-2ff6e24 elementor-widget elementor-widget-text-editor\" data-id=\"2ff6e24\" data-element_type=\"widget\" data-e-type=\"widget\" data-widget_type=\"text-editor.default\">\n\t\t\t\t<div class=\"elementor-widget-container\">\n\t\t\t\t\t\t\t\t\t<p>LuxLeder olarak, en kaliteli deri \u00fcr\u00fcnleri \u00fcretme tutkusu ve m\u00fc\u015fterilerimize en iyi hizmeti sunma vizyonuyla sekt\u00f6re ad\u0131m att\u0131k. Y\u0131llar\u0131n getirdi\u011fi tecr\u00fcbe, yenilik\u00e7i yakla\u015f\u0131m\u0131m\u0131z ve kaliteye olan ba\u011fl\u0131l\u0131\u011f\u0131m\u0131zla, k\u0131sa s\u00fcrede alan\u0131m\u0131zda g\u00fcvenilen ve tercih edilen bir marka haline geldik.<\/p>\t\t\t\t\t\t\t\t<\/div>\n\t\t\t\t<\/div>\n\t\t\t\t<div class=\"elementor-element elementor-element-379ee90 elementor-widget elementor-widget-text-editor\" data-id=\"379ee90\" data-element_type=\"widget\" data-e-type=\"widget\" data-widget_type=\"text-editor.default\">\n\t\t\t\t<div class=\"elementor-widget-container\">\n\t\t\t\t\t\t\t\t\t<p>Misyonumuz, do\u011fal ve \u015f\u0131k deri \u00fcr\u00fcnlerimizi, estetikle dayan\u0131kl\u0131l\u0131\u011f\u0131 birle\u015ftirerek kullan\u0131c\u0131larla bulu\u015fturmak. \u00dcr\u00fcnlerimiz, sadece birer aksesuar de\u011fil; ayn\u0131 zamanda bir ya\u015fam tarz\u0131n\u0131 yans\u0131t\u0131r. Geni\u015f \u00fcr\u00fcn yelpazemizde, her bir tasar\u0131m benzersizdir ve usta zanaatkarlar\u0131m\u0131z\u0131n el i\u015f\u00e7ili\u011fini ta\u015f\u0131r.<\/p><p>De\u011ferlerimiz:<\/p><ul><li><strong>Kalite:<\/strong> T\u00fcm \u00fcr\u00fcnlerimiz, en y\u00fcksek kalite standartlar\u0131na uygun olarak \u00fcretilir.<\/li><li><strong>G\u00fcven:<\/strong> M\u00fc\u015fterilerimizle g\u00fcvene dayal\u0131 ili\u015fkiler kurmaya \u00f6zen g\u00f6steririz.<\/li><li><strong>\u00c7evreye Duyarl\u0131l\u0131k:<\/strong> \u00dcretim s\u00fcre\u00e7lerimizde s\u00fcrd\u00fcr\u00fclebilirlik ilkelerine ba\u011fl\u0131 kal\u0131r\u0131z.<\/li><li><strong>M\u00fc\u015fteri Memnuniyeti:<\/strong> Her zaman ihtiya\u00e7lar\u0131n\u0131za kulak verir ve beklentilerinizin \u00f6tesinde bir deneyim sunar\u0131z.<\/li><\/ul><p>LuxLeder olarak, yaln\u0131zca bir marka de\u011fil, ayn\u0131 zamanda bir topluluk olmay\u0131 hedefliyoruz. Sizleri de bu toplulu\u011fun bir par\u00e7as\u0131 olmaya davet ediyoruz.<\/p>\t\t\t\t\t\t\t\t<\/div>\n\t\t\t\t<\/div>\n\t\t\t\t\t<\/div>\n\t\t<\/div>\n\t\t\t\t\t<\/div>\n\t\t<\/section>\n\t\t\t\t<\/div>\n\t\t","protected":false},"excerpt":{"rendered":"<p>Lux Leder LuxLeder olarak, en kaliteli deri \u00fcr\u00fcnleri \u00fcretme tutkusu ve m\u00fc\u015fterilerimize en iyi hizmeti&hellip;<\/p>\n","protected":false},"author":1,"featured_media":0,"parent":0,"menu_order":0,"comment_status":"closed","ping_status":"closed","template":"templates\/full-screen.php","meta":{"om_disable_all_campaigns":false,"footnotes":""},"class_list":["post-2564","page","type-page","status-publish","hentry"],"aioseo_notices":[],"_hostinger_reach_plugin_has_subscription_block":false,"_hostinger_reach_plugin_is_elementor":false,"_links":{"self":[{"href":"https:\/\/luxleder.com\/index.php?rest_route=\/wp\/v2\/pages\/2564","targetHints":{"allow":["GET"]}}],"collection":[{"href":"https:\/\/luxleder.com\/index.php?rest_route=\/wp\/v2\/pages"}],"about":[{"href":"https:\/\/luxleder.com\/index.php?rest_route=\/wp\/v2\/types\/page"}],"author":[{"embeddable":true,"href":"https:\/\/luxleder.com\/index.php?rest_route=\/wp\/v2\/users\/1"}],"replies":[{"embeddable":true,"href":"https:\/\/luxleder.com\/index.php?rest_route=%2Fwp%2Fv2%2Fcomments&post=2564"}],"version-history":[{"count":10,"href":"https:\/\/luxleder.com\/index.php?rest_route=\/wp\/v2\/pages\/2564\/revisions"}],"predecessor-version":[{"id":3077,"href":"https:\/\/luxleder.com\/index.php?rest_route=\/wp\/v2\/pages\/2564\/revisions\/3077"}],"wp:attachment":[{"href":"https:\/\/luxleder.com\/index.php?rest_route=%2Fwp%2Fv2%2Fmedia&parent=2564"}],"curies":[{"name":"wp","href":"https:\/\/api.w.org\/{rel}","templated":true}]}}