{"id":347,"date":"2016-08-23T06:44:55","date_gmt":"2016-08-23T06:44:55","guid":{"rendered":"http:\/\/demo.uix.store\/sober\/?page_id=347"},"modified":"2024-12-02T09:15:01","modified_gmt":"2024-12-02T12:15:01","slug":"faqs","status":"publish","type":"page","link":"https:\/\/luxleder.com\/?page_id=347","title":{"rendered":"S\u0131k Sorulan Sorular"},"content":{"rendered":"\t\t<div data-elementor-type=\"wp-page\" data-elementor-id=\"347\" class=\"elementor elementor-347\">\n\t\t\t\t\t\t<section class=\"elementor-section elementor-top-section elementor-element elementor-element-07eecb6 elementor-section-boxed elementor-section-height-default elementor-section-height-default\" data-id=\"07eecb6\" data-element_type=\"section\" data-e-type=\"section\">\n\t\t\t\t\t\t<div class=\"elementor-container elementor-column-gap-default\">\n\t\t\t\t\t<div class=\"elementor-column elementor-col-100 elementor-top-column elementor-element elementor-element-f4ba3bd\" data-id=\"f4ba3bd\" data-element_type=\"column\" data-e-type=\"column\">\n\t\t\t<div class=\"elementor-widget-wrap elementor-element-populated\">\n\t\t\t\t\t\t<div class=\"elementor-element elementor-element-e53c582 elementor-widget elementor-widget-sober-faq\" data-id=\"e53c582\" data-element_type=\"widget\" data-e-type=\"widget\" data-widget_type=\"sober-faq.default\">\n\t\t\t\t<div class=\"elementor-widget-container\">\n\t\t\t\t\t\t\t<div class=\"sober-faq sober-faq--elementor\">\n\t\t\t<div class=\"sober-faq__question question\">\n\t\t\t\t<span class=\"sober-faq__question-label question-label\">Question<\/span>\n\t\t\t\t<span class=\"sober-faq__question-icon question-icon\"><span class=\"toggle-icon\"><\/span><\/span>\n\t\t\t\t<span class=\"question-title sober-faq__question-title\">Sipari\u015fimi nas\u0131l takip edebilirim?<\/span>\n\t\t\t<\/div>\n\t\t\t<div class=\"sober-faq__answer answer\">\n\t\t\t\t<span class=\"sober-faq__answer-label answer-label\">Answer<\/span>\n\t\t\t\t<div class=\"sober-faq__answer-content\"><p>Sipari\u015finizi takip etmek i\u00e7in web sitemizdeki <strong>\"Sipari\u015f Takip\"<\/strong> sayfas\u0131n\u0131 ziyaret edebilir veya size g\u00f6nderilen sipari\u015f onay e-postas\u0131ndaki takip numaras\u0131n\u0131 kullanabilirsiniz.<\/p><\/div>\n\t\t\t<\/div>\n\t\t<\/div>\n\t\t\t\t\t\t<\/div>\n\t\t\t\t<\/div>\n\t\t\t\t<div class=\"elementor-element elementor-element-5e1a7d7 elementor-widget elementor-widget-sober-faq\" data-id=\"5e1a7d7\" data-element_type=\"widget\" data-e-type=\"widget\" data-widget_type=\"sober-faq.default\">\n\t\t\t\t<div class=\"elementor-widget-container\">\n\t\t\t\t\t\t\t<div class=\"sober-faq sober-faq--elementor\">\n\t\t\t<div class=\"sober-faq__question question\">\n\t\t\t\t<span class=\"sober-faq__question-label question-label\">Question<\/span>\n\t\t\t\t<span class=\"sober-faq__question-icon question-icon\"><span class=\"toggle-icon\"><\/span><\/span>\n\t\t\t\t<span class=\"question-title sober-faq__question-title\">Hangi \u00f6deme y\u00f6ntemlerini kabul ediyorsunuz?<\/span>\n\t\t\t<\/div>\n\t\t\t<div class=\"sober-faq__answer answer\">\n\t\t\t\t<span class=\"sober-faq__answer-label answer-label\">Answer<\/span>\n\t\t\t\t<div class=\"sober-faq__answer-content\"><p>Web sitemizde \u015fu \u00f6deme y\u00f6ntemlerini kullanabilirsiniz:<\/p><ul><li>Kredi kart\u0131 (Visa, Mastercard, American Express)<\/li><li>Banka havalesi<\/li><li>IYZICO ile G\u00fcvenli \u00d6deme<\/li><\/ul><\/div>\n\t\t\t<\/div>\n\t\t<\/div>\n\t\t\t\t\t\t<\/div>\n\t\t\t\t<\/div>\n\t\t\t\t<div class=\"elementor-element elementor-element-92fd6cd elementor-widget elementor-widget-sober-faq\" data-id=\"92fd6cd\" data-element_type=\"widget\" data-e-type=\"widget\" data-widget_type=\"sober-faq.default\">\n\t\t\t\t<div class=\"elementor-widget-container\">\n\t\t\t\t\t\t\t<div class=\"sober-faq sober-faq--elementor\">\n\t\t\t<div class=\"sober-faq__question question\">\n\t\t\t\t<span class=\"sober-faq__question-label question-label\">Question<\/span>\n\t\t\t\t<span class=\"sober-faq__question-icon question-icon\"><span class=\"toggle-icon\"><\/span><\/span>\n\t\t\t\t<span class=\"question-title sober-faq__question-title\"> \u0130ade ve de\u011fi\u015fim s\u00fcreciniz nas\u0131l i\u015fliyor?<\/span>\n\t\t\t<\/div>\n\t\t\t<div class=\"sober-faq__answer answer\">\n\t\t\t\t<span class=\"sober-faq__answer-label answer-label\">Answer<\/span>\n\t\t\t\t<div class=\"sober-faq__answer-content\"><p>Sat\u0131n ald\u0131\u011f\u0131n\u0131z \u00fcr\u00fcnleri teslim tarihinden itibaren 30 g\u00fcn i\u00e7inde iade edebilir veya de\u011fi\u015ftirebilirsiniz. \u00dcr\u00fcn\u00fcn kullan\u0131lmam\u0131\u015f, orijinal ambalaj\u0131nda ve hasars\u0131z olmas\u0131 gerekir. Detayl\u0131 bilgi i\u00e7in <strong>\u0130ade ve De\u011fi\u015fim Politikas\u0131<\/strong> sayfam\u0131z\u0131 ziyaret edebilirsiniz.<\/p><\/div>\n\t\t\t<\/div>\n\t\t<\/div>\n\t\t\t\t\t\t<\/div>\n\t\t\t\t<\/div>\n\t\t\t\t<div class=\"elementor-element elementor-element-6c35bbf elementor-widget elementor-widget-sober-faq\" data-id=\"6c35bbf\" data-element_type=\"widget\" data-e-type=\"widget\" data-widget_type=\"sober-faq.default\">\n\t\t\t\t<div class=\"elementor-widget-container\">\n\t\t\t\t\t\t\t<div class=\"sober-faq sober-faq--elementor\">\n\t\t\t<div class=\"sober-faq__question question\">\n\t\t\t\t<span class=\"sober-faq__question-label question-label\">Question<\/span>\n\t\t\t\t<span class=\"sober-faq__question-icon question-icon\"><span class=\"toggle-icon\"><\/span><\/span>\n\t\t\t\t<span class=\"question-title sober-faq__question-title\">Sipari\u015fim ne zaman elime ula\u015f\u0131r?<\/span>\n\t\t\t<\/div>\n\t\t\t<div class=\"sober-faq__answer answer\">\n\t\t\t\t<span class=\"sober-faq__answer-label answer-label\">Answer<\/span>\n\t\t\t\t<div class=\"sober-faq__answer-content\"><p>Sipari\u015fler genellikle 1-3 i\u015f g\u00fcn\u00fc i\u00e7inde kargoya teslim edilir. Teslimat s\u00fcresi, bulundu\u011funuz b\u00f6lgeye ba\u011fl\u0131 olarak 2-7 i\u015f g\u00fcn\u00fc aras\u0131nda de\u011fi\u015febilir.<\/p><\/div>\n\t\t\t<\/div>\n\t\t<\/div>\n\t\t\t\t\t\t<\/div>\n\t\t\t\t<\/div>\n\t\t\t\t<div class=\"elementor-element elementor-element-ea3ec3b elementor-widget elementor-widget-sober-faq\" data-id=\"ea3ec3b\" data-element_type=\"widget\" data-e-type=\"widget\" data-widget_type=\"sober-faq.default\">\n\t\t\t\t<div class=\"elementor-widget-container\">\n\t\t\t\t\t\t\t<div class=\"sober-faq sober-faq--elementor\">\n\t\t\t<div class=\"sober-faq__question question\">\n\t\t\t\t<span class=\"sober-faq__question-label question-label\">Question<\/span>\n\t\t\t\t<span class=\"sober-faq__question-icon question-icon\"><span class=\"toggle-icon\"><\/span><\/span>\n\t\t\t\t<span class=\"question-title sober-faq__question-title\">\u00dcr\u00fcnleriniz garantili mi?<\/span>\n\t\t\t<\/div>\n\t\t\t<div class=\"sober-faq__answer answer\">\n\t\t\t\t<span class=\"sober-faq__answer-label answer-label\">Answer<\/span>\n\t\t\t\t<div class=\"sober-faq__answer-content\"><p>Evet, t\u00fcm \u00fcr\u00fcnlerimiz \u00fcretim hatalar\u0131na kar\u015f\u0131 1 y\u0131l garantilidir. Garanti s\u00fcresi i\u00e7inde ya\u015fad\u0131\u011f\u0131n\u0131z bir sorun i\u00e7in m\u00fc\u015fteri hizmetlerimizle ileti\u015fime ge\u00e7ebilirsiniz.<\/p><\/div>\n\t\t\t<\/div>\n\t\t<\/div>\n\t\t\t\t\t\t<\/div>\n\t\t\t\t<\/div>\n\t\t\t\t<div class=\"elementor-element elementor-element-9dd4e10 elementor-widget elementor-widget-sober-faq\" data-id=\"9dd4e10\" data-element_type=\"widget\" data-e-type=\"widget\" data-widget_type=\"sober-faq.default\">\n\t\t\t\t<div class=\"elementor-widget-container\">\n\t\t\t\t\t\t\t<div class=\"sober-faq sober-faq--elementor\">\n\t\t\t<div class=\"sober-faq__question question\">\n\t\t\t\t<span class=\"sober-faq__question-label question-label\">Question<\/span>\n\t\t\t\t<span class=\"sober-faq__question-icon question-icon\"><span class=\"toggle-icon\"><\/span><\/span>\n\t\t\t\t<span class=\"question-title sober-faq__question-title\">Kargo \u00fccreti ne kadar?<\/span>\n\t\t\t<\/div>\n\t\t\t<div class=\"sober-faq__answer answer\">\n\t\t\t\t<span class=\"sober-faq__answer-label answer-label\">Answer<\/span>\n\t\t\t\t<div class=\"sober-faq__answer-content\"><p>Kargo \u00fccreti sipari\u015fin toplam tutar\u0131na ve teslimat adresine ba\u011fl\u0131 olarak de\u011fi\u015febilir. Belirli bir tutar\u0131n \u00fczerindeki sipari\u015flerde \u00fccretsiz kargo se\u00e7ene\u011fimiz bulunmaktad\u0131r.<\/p><\/div>\n\t\t\t<\/div>\n\t\t<\/div>\n\t\t\t\t\t\t<\/div>\n\t\t\t\t<\/div>\n\t\t\t\t<div class=\"elementor-element elementor-element-f29a2b4 elementor-widget elementor-widget-sober-faq\" data-id=\"f29a2b4\" data-element_type=\"widget\" data-e-type=\"widget\" data-widget_type=\"sober-faq.default\">\n\t\t\t\t<div class=\"elementor-widget-container\">\n\t\t\t\t\t\t\t<div class=\"sober-faq sober-faq--elementor\">\n\t\t\t<div class=\"sober-faq__question question\">\n\t\t\t\t<span class=\"sober-faq__question-label question-label\">Question<\/span>\n\t\t\t\t<span class=\"sober-faq__question-icon question-icon\"><span class=\"toggle-icon\"><\/span><\/span>\n\t\t\t\t<span class=\"question-title sober-faq__question-title\">\u00dcr\u00fcn\u00fc ald\u0131\u011f\u0131mda kusurlu \u00e7\u0131karsa ne yapmal\u0131y\u0131m?<\/span>\n\t\t\t<\/div>\n\t\t\t<div class=\"sober-faq__answer answer\">\n\t\t\t\t<span class=\"sober-faq__answer-label answer-label\">Answer<\/span>\n\t\t\t\t<div class=\"sober-faq__answer-content\"><p>E\u011fer \u00fcr\u00fcn\u00fcn\u00fcz kusurlu veya hasarl\u0131 gelirse, l\u00fctfen \u00fcr\u00fcn\u00fc teslim ald\u0131ktan sonraki 3 g\u00fcn i\u00e7inde bizimle ileti\u015fime ge\u00e7in. Kusurlu \u00fcr\u00fcnlerin \u00fccretsiz de\u011fi\u015fim veya iade hakk\u0131 bulunmaktad\u0131r.<\/p><\/div>\n\t\t\t<\/div>\n\t\t<\/div>\n\t\t\t\t\t\t<\/div>\n\t\t\t\t<\/div>\n\t\t\t\t<div class=\"elementor-element elementor-element-4b1aa9a elementor-widget elementor-widget-sober-faq\" data-id=\"4b1aa9a\" data-element_type=\"widget\" data-e-type=\"widget\" data-widget_type=\"sober-faq.default\">\n\t\t\t\t<div class=\"elementor-widget-container\">\n\t\t\t\t\t\t\t<div class=\"sober-faq sober-faq--elementor\">\n\t\t\t<div class=\"sober-faq__question question\">\n\t\t\t\t<span class=\"sober-faq__question-label question-label\">Question<\/span>\n\t\t\t\t<span class=\"sober-faq__question-icon question-icon\"><span class=\"toggle-icon\"><\/span><\/span>\n\t\t\t\t<span class=\"question-title sober-faq__question-title\">Hangi b\u00f6lgelerden sipari\u015f al\u0131yorsunuz?<\/span>\n\t\t\t<\/div>\n\t\t\t<div class=\"sober-faq__answer answer\">\n\t\t\t\t<span class=\"sober-faq__answer-label answer-label\">Answer<\/span>\n\t\t\t\t<div class=\"sober-faq__answer-content\"><p>T\u00fcrkiye genelinde t\u00fcm b\u00f6lgelere sipari\u015f teslimat\u0131m\u0131z bulunmaktad\u0131r. Ayr\u0131ca belirli ko\u015fullarda uluslararas\u0131 g\u00f6nderim de yapmaktay\u0131z. Detayl\u0131 bilgi i\u00e7in bizimle ileti\u015fime ge\u00e7ebilirsiniz.<\/p><\/div>\n\t\t\t<\/div>\n\t\t<\/div>\n\t\t\t\t\t\t<\/div>\n\t\t\t\t<\/div>\n\t\t\t\t<div class=\"elementor-element elementor-element-5abfb4d elementor-widget elementor-widget-sober-faq\" data-id=\"5abfb4d\" data-element_type=\"widget\" data-e-type=\"widget\" data-widget_type=\"sober-faq.default\">\n\t\t\t\t<div class=\"elementor-widget-container\">\n\t\t\t\t\t\t\t<div class=\"sober-faq sober-faq--elementor\">\n\t\t\t<div class=\"sober-faq__question question\">\n\t\t\t\t<span class=\"sober-faq__question-label question-label\">Question<\/span>\n\t\t\t\t<span class=\"sober-faq__question-icon question-icon\"><span class=\"toggle-icon\"><\/span><\/span>\n\t\t\t\t<span class=\"question-title sober-faq__question-title\">Sipari\u015fimi iptal edebilir miyim?<\/span>\n\t\t\t<\/div>\n\t\t\t<div class=\"sober-faq__answer answer\">\n\t\t\t\t<span class=\"sober-faq__answer-label answer-label\">Answer<\/span>\n\t\t\t\t<div class=\"sober-faq__answer-content\"><p>Evet, sipari\u015finizi \u00fcr\u00fcn kargoya verilmeden \u00f6nce iptal edebilirsiniz. \u0130ptal talepleriniz i\u00e7in m\u00fc\u015fteri hizmetlerimize ula\u015fabilirsiniz.<\/p><p>\u00a0<\/p><\/div>\n\t\t\t<\/div>\n\t\t<\/div>\n\t\t\t\t\t\t<\/div>\n\t\t\t\t<\/div>\n\t\t\t\t<div class=\"elementor-element elementor-element-25a16bc elementor-widget elementor-widget-sober-faq\" data-id=\"25a16bc\" data-element_type=\"widget\" data-e-type=\"widget\" data-widget_type=\"sober-faq.default\">\n\t\t\t\t<div class=\"elementor-widget-container\">\n\t\t\t\t\t\t\t<div class=\"sober-faq sober-faq--elementor\">\n\t\t\t<div class=\"sober-faq__question question\">\n\t\t\t\t<span class=\"sober-faq__question-label question-label\">Question<\/span>\n\t\t\t\t<span class=\"sober-faq__question-icon question-icon\"><span class=\"toggle-icon\"><\/span><\/span>\n\t\t\t\t<span class=\"question-title sober-faq__question-title\">\u00dcr\u00fcn stokta yoksa ne yapmal\u0131y\u0131m?<\/span>\n\t\t\t<\/div>\n\t\t\t<div class=\"sober-faq__answer answer\">\n\t\t\t\t<span class=\"sober-faq__answer-label answer-label\">Answer<\/span>\n\t\t\t\t<div class=\"sober-faq__answer-content\"><p>Stokta olmayan bir \u00fcr\u00fcnle ilgileniyorsan\u0131z, talebinizi bize iletebilirsiniz. \u00dcr\u00fcn sto\u011fa geri geldi\u011finde sizi bilgilendirmek i\u00e7in ileti\u015fim bilgilerinizi kaydedebiliriz.<\/p><\/div>\n\t\t\t<\/div>\n\t\t<\/div>\n\t\t\t\t\t\t<\/div>\n\t\t\t\t<\/div>\n\t\t\t\t<div class=\"elementor-element elementor-element-d6c9898 elementor-widget elementor-widget-sober-faq\" data-id=\"d6c9898\" data-element_type=\"widget\" data-e-type=\"widget\" data-widget_type=\"sober-faq.default\">\n\t\t\t\t<div class=\"elementor-widget-container\">\n\t\t\t\t\t\t\t<div class=\"sober-faq sober-faq--elementor\">\n\t\t\t<div class=\"sober-faq__question question\">\n\t\t\t\t<span class=\"sober-faq__question-label question-label\">Question<\/span>\n\t\t\t\t<span class=\"sober-faq__question-icon question-icon\"><span class=\"toggle-icon\"><\/span><\/span>\n\t\t\t\t<span class=\"question-title sober-faq__question-title\">E-fatura g\u00f6nderiyor musunuz?<\/span>\n\t\t\t<\/div>\n\t\t\t<div class=\"sober-faq__answer answer\">\n\t\t\t\t<span class=\"sober-faq__answer-label answer-label\">Answer<\/span>\n\t\t\t\t<div class=\"sober-faq__answer-content\"><p>Evet, sipari\u015fleriniz i\u00e7in e-fatura d\u00fczenliyoruz. Faturan\u0131z e-posta adresinize iletilecektir.<\/p><\/div>\n\t\t\t<\/div>\n\t\t<\/div>\n\t\t\t\t\t\t<\/div>\n\t\t\t\t<\/div>\n\t\t\t\t\t<\/div>\n\t\t<\/div>\n\t\t\t\t\t<\/div>\n\t\t<\/section>\n\t\t\t\t<\/div>\n\t\t","protected":false},"excerpt":{"rendered":"<p>Question Sipari\u015fimi nas\u0131l takip edebilirim? Answer Sipari\u015finizi takip etmek i\u00e7in web sitemizdeki \u201cSipari\u015f Takip\u201d sayfas\u0131n\u0131&hellip;<\/p>\n","protected":false},"author":1,"featured_media":0,"parent":0,"menu_order":0,"comment_status":"closed","ping_status":"closed","template":"","meta":{"om_disable_all_campaigns":false,"footnotes":""},"class_list":["post-347","page","type-page","status-publish","hentry"],"aioseo_notices":[],"_hostinger_reach_plugin_has_subscription_block":false,"_hostinger_reach_plugin_is_elementor":false,"_links":{"self":[{"href":"https:\/\/luxleder.com\/index.php?rest_route=\/wp\/v2\/pages\/347","targetHints":{"allow":["GET"]}}],"collection":[{"href":"https:\/\/luxleder.com\/index.php?rest_route=\/wp\/v2\/pages"}],"about":[{"href":"https:\/\/luxleder.com\/index.php?rest_route=\/wp\/v2\/types\/page"}],"author":[{"embeddable":true,"href":"https:\/\/luxleder.com\/index.php?rest_route=\/wp\/v2\/users\/1"}],"replies":[{"embeddable":true,"href":"https:\/\/luxleder.com\/index.php?rest_route=%2Fwp%2Fv2%2Fcomments&post=347"}],"version-history":[{"count":7,"href":"https:\/\/luxleder.com\/index.php?rest_route=\/wp\/v2\/pages\/347\/revisions"}],"predecessor-version":[{"id":3047,"href":"https:\/\/luxleder.com\/index.php?rest_route=\/wp\/v2\/pages\/347\/revisions\/3047"}],"wp:attachment":[{"href":"https:\/\/luxleder.com\/index.php?rest_route=%2Fwp%2Fv2%2Fmedia&parent=347"}],"curies":[{"name":"wp","href":"https:\/\/api.w.org\/{rel}","templated":true}]}}