{"id":7,"date":"2024-10-16T13:26:25","date_gmt":"2024-10-16T13:26:25","guid":{"rendered":"https:\/\/luxleder.com\/cart\/"},"modified":"2024-12-01T17:57:33","modified_gmt":"2024-12-01T20:57:33","slug":"sepet","status":"publish","type":"page","link":"https:\/\/luxleder.com\/?page_id=7","title":{"rendered":"Sepet"},"content":{"rendered":"\n<div data-block-name=\"woocommerce\/cart\" class=\"wp-block-woocommerce-cart alignwide is-loading\">\n<div data-block-name=\"woocommerce\/filled-cart-block\" class=\"wp-block-woocommerce-filled-cart-block\">\n<div data-block-name=\"woocommerce\/cart-items-block\" class=\"wp-block-woocommerce-cart-items-block\">\n<div data-block-name=\"woocommerce\/cart-line-items-block\" class=\"wp-block-woocommerce-cart-line-items-block\"><\/div>\n\n\n\n<div data-block-name=\"woocommerce\/cart-cross-sells-block\" class=\"wp-block-woocommerce-cart-cross-sells-block\">\n<h2 class=\"wp-block-heading has-large-font-size\">You may be interested in\u2026<\/h2>\n\n\n\n<div data-block-name=\"woocommerce\/cart-cross-sells-products-block\" class=\"wp-block-woocommerce-cart-cross-sells-products-block\"><\/div>\n<\/div>\n<\/div>\n\n\n\n<div data-block-name=\"woocommerce\/cart-totals-block\" class=\"wp-block-woocommerce-cart-totals-block\">\n<div data-block-name=\"woocommerce\/cart-order-summary-block\" class=\"wp-block-woocommerce-cart-order-summary-block\">\n<div data-block-name=\"woocommerce\/cart-order-summary-heading-block\" class=\"wp-block-woocommerce-cart-order-summary-heading-block\"><\/div><div data-block-name=\"woocommerce\/cart-order-summary-coupon-form-block\" class=\"wp-block-woocommerce-cart-order-summary-coupon-form-block\"><\/div><div data-block-name=\"woocommerce\/cart-order-summary-totals-block\" class=\"wp-block-woocommerce-cart-order-summary-totals-block\">\n<div data-block-name=\"woocommerce\/cart-order-summary-subtotal-block\" class=\"wp-block-woocommerce-cart-order-summary-subtotal-block\"><\/div>\n<div data-block-name=\"woocommerce\/cart-order-summary-discount-block\" class=\"wp-block-woocommerce-cart-order-summary-discount-block\"><\/div>\n<div data-block-name=\"woocommerce\/cart-order-summary-fee-block\" class=\"wp-block-woocommerce-cart-order-summary-fee-block\"><\/div>\n<div data-block-name=\"woocommerce\/cart-order-summary-shipping-block\" class=\"wp-block-woocommerce-cart-order-summary-shipping-block\"><\/div>\n<div data-block-name=\"woocommerce\/cart-order-summary-taxes-block\" class=\"wp-block-woocommerce-cart-order-summary-taxes-block\"><\/div><\/div>\n<\/div>\n\n\n\n<div data-block-name=\"woocommerce\/cart-express-payment-block\" class=\"wp-block-woocommerce-cart-express-payment-block\"><\/div>\n\n\n\n<div data-block-name=\"woocommerce\/proceed-to-checkout-block\" class=\"wp-block-woocommerce-proceed-to-checkout-block\"><\/div>\n\n\n\n<div data-block-name=\"woocommerce\/cart-accepted-payment-methods-block\" class=\"wp-block-woocommerce-cart-accepted-payment-methods-block\"><\/div>\n<\/div>\n<\/div>\n\n\n\n<div data-block-name=\"woocommerce\/empty-cart-block\" class=\"wp-block-woocommerce-empty-cart-block\">\n<h2 class=\"wp-block-heading has-text-align-center with-empty-cart-icon wc-block-cart__empty-cart__title\">Your cart is currently empty!<\/h2>\n\n\n\n<hr class=\"wp-block-separator has-alpha-channel-opacity is-style-dots\"\/>\n\n\n\n<h2 class=\"wp-block-heading has-text-align-center\">New in store<\/h2>\n\n\n<div data-block-name=\"woocommerce\/product-new\" data-columns=\"4\" data-rows=\"1\" class=\"wc-block-grid wp-block-product-new wp-block-woocommerce-product-new wc-block-product-new has-4-columns\"><ul class=\"wc-block-grid__products\"><li class=\"wc-block-grid__product\">\n\t\t\t\t<a href=\"https:\/\/luxleder.com\/?product=0-hakiki-deri-askili-gozluk-kilifi-canta-charmi\" class=\"wc-block-grid__product-link\">\n\t\t\t\t\t<div class=\"wc-block-grid__product-onsale\">\n\t\t\t<span aria-hidden=\"true\">\u0130ndirim<\/span>\n\t\t\t<span class=\"screen-reader-text\">\u0130ndirimdeki \u00fcr\u00fcn<\/span>\n\t\t<\/div>\n\t\t\t\t\t<div class=\"wc-block-grid__product-image\"><img fetchpriority=\"high\" decoding=\"async\" width=\"433\" height=\"433\" src=\"https:\/\/luxleder.com\/wp-content\/uploads\/2025\/11\/tabakrokokadingozlukkilifi7-433x433.jpeg\" class=\"attachment-woocommerce_thumbnail size-woocommerce_thumbnail\" alt=\"%100 Hakiki Deri Ask\u0131l\u0131 G\u00f6zl\u00fck K\u0131l\u0131f\u0131 \u00c7anta Charm\u0131\" srcset=\"https:\/\/luxleder.com\/wp-content\/uploads\/2025\/11\/tabakrokokadingozlukkilifi7-433x433.jpeg 433w, https:\/\/luxleder.com\/wp-content\/uploads\/2025\/11\/tabakrokokadingozlukkilifi7-150x150.jpeg 150w, https:\/\/luxleder.com\/wp-content\/uploads\/2025\/11\/tabakrokokadingozlukkilifi7-100x100.jpeg 100w\" sizes=\"(max-width: 433px) 100vw, 433px\" \/><\/div>\n\t\t\t\t\t<div class=\"wc-block-grid__product-title\">%100 Hakiki Deri Ask\u0131l\u0131 G\u00f6zl\u00fck K\u0131l\u0131f\u0131 \u00c7anta Charm\u0131<\/div>\n\t\t\t\t<\/a>\n\t\t\t\t<div class=\"wc-block-grid__product-price price\"><del aria-hidden=\"true\"><span class=\"woocommerce-Price-amount amount\"><span class=\"woocommerce-Price-currencySymbol\">\u20ba<\/span>549.00<\/span><\/del> <span class=\"screen-reader-text\">Orijinal fiyat: \u20ba549.00.<\/span><ins aria-hidden=\"true\"><span class=\"woocommerce-Price-amount amount\"><span class=\"woocommerce-Price-currencySymbol\">\u20ba<\/span>369.00<\/span><\/ins><span class=\"screen-reader-text\">\u015eu andaki fiyat: \u20ba369.00.<\/span><\/div>\n\t\t\t\t\n\t\t\t\t<div class=\"wp-block-button wc-block-grid__product-add-to-cart\"><a href=\"https:\/\/luxleder.com\/?product=0-hakiki-deri-askili-gozluk-kilifi-canta-charmi\" aria-label=\"\u201c%100 Hakiki Deri Ask\u0131l\u0131 G\u00f6zl\u00fck K\u0131l\u0131f\u0131 \u00c7anta Charm\u0131\u201d i\u00e7in se\u00e7enekleri se\u00e7in\" data-quantity=\"1\" data-product_id=\"3814\" data-product_sku=\"LLD30321-41\" data-price=\"369\" rel=\"nofollow\" class=\"wp-block-button__link  add_to_cart_button\">Se\u00e7enekler<\/a><\/div>\n\t\t\t<\/li><li class=\"wc-block-grid__product\">\n\t\t\t\t<a href=\"https:\/\/luxleder.com\/?product=hakiki-deri-mat-yilan-baski-kadin-askili-capraz-canta\" class=\"wc-block-grid__product-link\">\n\t\t\t\t\t<div class=\"wc-block-grid__product-onsale\">\n\t\t\t<span aria-hidden=\"true\">\u0130ndirim<\/span>\n\t\t\t<span class=\"screen-reader-text\">\u0130ndirimdeki \u00fcr\u00fcn<\/span>\n\t\t<\/div>\n\t\t\t\t\t<div class=\"wc-block-grid__product-image\"><img decoding=\"async\" width=\"433\" height=\"433\" src=\"https:\/\/luxleder.com\/wp-content\/uploads\/2025\/06\/siyahyilan-433x433.jpeg\" class=\"attachment-woocommerce_thumbnail size-woocommerce_thumbnail\" alt=\"Hakiki Deri Mat Y\u0131lan Bask\u0131 Kad\u0131n Ask\u0131l\u0131 \u00c7apraz \u00c7anta\" srcset=\"https:\/\/luxleder.com\/wp-content\/uploads\/2025\/06\/siyahyilan-433x433.jpeg 433w, https:\/\/luxleder.com\/wp-content\/uploads\/2025\/06\/siyahyilan-150x150.jpeg 150w, https:\/\/luxleder.com\/wp-content\/uploads\/2025\/06\/siyahyilan-100x100.jpeg 100w\" sizes=\"(max-width: 433px) 100vw, 433px\" \/><\/div>\n\t\t\t\t\t<div class=\"wc-block-grid__product-title\">Hakiki Deri Mat Y\u0131lan Bask\u0131 Kad\u0131n Ask\u0131l\u0131 \u00c7apraz \u00c7anta<\/div>\n\t\t\t\t<\/a>\n\t\t\t\t<div class=\"wc-block-grid__product-price price\"><del aria-hidden=\"true\"><span class=\"woocommerce-Price-amount amount\"><span class=\"woocommerce-Price-currencySymbol\">\u20ba<\/span>2,349.00<\/span><\/del> <span class=\"screen-reader-text\">Orijinal fiyat: \u20ba2,349.00.<\/span><ins aria-hidden=\"true\"><span class=\"woocommerce-Price-amount amount\"><span class=\"woocommerce-Price-currencySymbol\">\u20ba<\/span>1,499.00<\/span><\/ins><span class=\"screen-reader-text\">\u015eu andaki fiyat: \u20ba1,499.00.<\/span><\/div>\n\t\t\t\t\n\t\t\t\t<div class=\"wp-block-button wc-block-grid__product-add-to-cart\"><a href=\"https:\/\/luxleder.com\/?product=hakiki-deri-mat-yilan-baski-kadin-askili-capraz-canta\" aria-label=\"\u201cHakiki Deri Mat Y\u0131lan Bask\u0131 Kad\u0131n Ask\u0131l\u0131 \u00c7apraz \u00c7anta\u201d i\u00e7in se\u00e7enekleri se\u00e7in\" data-quantity=\"1\" data-product_id=\"3747\" data-product_sku=\"\" data-price=\"1499\" rel=\"nofollow\" class=\"wp-block-button__link  add_to_cart_button\">Se\u00e7enekler<\/a><\/div>\n\t\t\t<\/li><li class=\"wc-block-grid__product\">\n\t\t\t\t<a href=\"https:\/\/luxleder.com\/?product=hakiki-deri-venus-baski-kadin-askili-capraz-canta\" class=\"wc-block-grid__product-link\">\n\t\t\t\t\t<div class=\"wc-block-grid__product-onsale\">\n\t\t\t<span aria-hidden=\"true\">\u0130ndirim<\/span>\n\t\t\t<span class=\"screen-reader-text\">\u0130ndirimdeki \u00fcr\u00fcn<\/span>\n\t\t<\/div>\n\t\t\t\t\t<div class=\"wc-block-grid__product-image\"><img decoding=\"async\" width=\"433\" height=\"433\" src=\"https:\/\/luxleder.com\/wp-content\/uploads\/2025\/06\/venus5-433x433.jpeg\" class=\"attachment-woocommerce_thumbnail size-woocommerce_thumbnail\" alt=\"Hakiki Deri Ven\u00fcs Bask\u0131 Kad\u0131n Ask\u0131l\u0131 \u00c7apraz \u00c7anta\" srcset=\"https:\/\/luxleder.com\/wp-content\/uploads\/2025\/06\/venus5-433x433.jpeg 433w, https:\/\/luxleder.com\/wp-content\/uploads\/2025\/06\/venus5-150x150.jpeg 150w, https:\/\/luxleder.com\/wp-content\/uploads\/2025\/06\/venus5-100x100.jpeg 100w\" sizes=\"(max-width: 433px) 100vw, 433px\" \/><\/div>\n\t\t\t\t\t<div class=\"wc-block-grid__product-title\">Hakiki Deri Ven\u00fcs Bask\u0131 Kad\u0131n Ask\u0131l\u0131 \u00c7apraz \u00c7anta<\/div>\n\t\t\t\t<\/a>\n\t\t\t\t<div class=\"wc-block-grid__product-price price\"><del aria-hidden=\"true\"><span class=\"woocommerce-Price-amount amount\"><span class=\"woocommerce-Price-currencySymbol\">\u20ba<\/span>2,349.00<\/span><\/del> <span class=\"screen-reader-text\">Orijinal fiyat: \u20ba2,349.00.<\/span><ins aria-hidden=\"true\"><span class=\"woocommerce-Price-amount amount\"><span class=\"woocommerce-Price-currencySymbol\">\u20ba<\/span>1,499.00<\/span><\/ins><span class=\"screen-reader-text\">\u015eu andaki fiyat: \u20ba1,499.00.<\/span><\/div>\n\t\t\t\t\n\t\t\t\t<div class=\"wp-block-button wc-block-grid__product-add-to-cart\"><a href=\"https:\/\/luxleder.com\/?product=hakiki-deri-venus-baski-kadin-askili-capraz-canta\" aria-label=\"\u201cHakiki Deri Ven\u00fcs Bask\u0131 Kad\u0131n Ask\u0131l\u0131 \u00c7apraz \u00c7anta\u201d i\u00e7in se\u00e7enekleri se\u00e7in\" data-quantity=\"1\" data-product_id=\"3745\" data-product_sku=\"\" data-price=\"1499\" rel=\"nofollow\" class=\"wp-block-button__link  add_to_cart_button\">Se\u00e7enekler<\/a><\/div>\n\t\t\t<\/li><li class=\"wc-block-grid__product\">\n\t\t\t\t<a href=\"https:\/\/luxleder.com\/?product=hakiki-deri-parlak-yilan-baski-kadin-askili-canta\" class=\"wc-block-grid__product-link\">\n\t\t\t\t\t<div class=\"wc-block-grid__product-onsale\">\n\t\t\t<span aria-hidden=\"true\">\u0130ndirim<\/span>\n\t\t\t<span class=\"screen-reader-text\">\u0130ndirimdeki \u00fcr\u00fcn<\/span>\n\t\t<\/div>\n\t\t\t\t\t<div class=\"wc-block-grid__product-image\"><img loading=\"lazy\" decoding=\"async\" width=\"433\" height=\"433\" src=\"https:\/\/luxleder.com\/wp-content\/uploads\/2025\/06\/parlakkadincanta3-433x433.jpeg\" class=\"attachment-woocommerce_thumbnail size-woocommerce_thumbnail\" alt=\"Hakiki Deri Parlak Y\u0131lan Bask\u0131 Kad\u0131n Ask\u0131l\u0131 \u00c7apraz \u00c7anta\" srcset=\"https:\/\/luxleder.com\/wp-content\/uploads\/2025\/06\/parlakkadincanta3-433x433.jpeg 433w, https:\/\/luxleder.com\/wp-content\/uploads\/2025\/06\/parlakkadincanta3-150x150.jpeg 150w, https:\/\/luxleder.com\/wp-content\/uploads\/2025\/06\/parlakkadincanta3-100x100.jpeg 100w\" sizes=\"(max-width: 433px) 100vw, 433px\" \/><\/div>\n\t\t\t\t\t<div class=\"wc-block-grid__product-title\">Hakiki Deri Parlak Y\u0131lan Bask\u0131 Kad\u0131n Ask\u0131l\u0131 \u00c7apraz \u00c7anta<\/div>\n\t\t\t\t<\/a>\n\t\t\t\t<div class=\"wc-block-grid__product-price price\"><del aria-hidden=\"true\"><span class=\"woocommerce-Price-amount amount\"><span class=\"woocommerce-Price-currencySymbol\">\u20ba<\/span>2,349.00<\/span><\/del> <span class=\"screen-reader-text\">Orijinal fiyat: \u20ba2,349.00.<\/span><ins aria-hidden=\"true\"><span class=\"woocommerce-Price-amount amount\"><span class=\"woocommerce-Price-currencySymbol\">\u20ba<\/span>1,499.00<\/span><\/ins><span class=\"screen-reader-text\">\u015eu andaki fiyat: \u20ba1,499.00.<\/span><\/div>\n\t\t\t\t\n\t\t\t\t<div class=\"wp-block-button wc-block-grid__product-add-to-cart\"><a href=\"https:\/\/luxleder.com\/?product=hakiki-deri-parlak-yilan-baski-kadin-askili-canta\" aria-label=\"\u201cHakiki Deri Parlak Y\u0131lan Bask\u0131 Kad\u0131n Ask\u0131l\u0131 \u00c7apraz \u00c7anta\u201d i\u00e7in se\u00e7enekleri se\u00e7in\" data-quantity=\"1\" data-product_id=\"3743\" data-product_sku=\"\" data-price=\"1499\" rel=\"nofollow\" class=\"wp-block-button__link  add_to_cart_button\">Se\u00e7enekler<\/a><\/div>\n\t\t\t<\/li><\/ul><\/div><\/div>\n<\/div>\n","protected":false},"excerpt":{"rendered":"","protected":false},"author":1,"featured_media":0,"parent":0,"menu_order":0,"comment_status":"closed","ping_status":"closed","template":"","meta":{"om_disable_all_campaigns":false,"footnotes":""},"class_list":["post-7","page","type-page","status-publish","hentry"],"aioseo_notices":[],"_hostinger_reach_plugin_has_subscription_block":false,"_hostinger_reach_plugin_is_elementor":false,"_links":{"self":[{"href":"https:\/\/luxleder.com\/index.php?rest_route=\/wp\/v2\/pages\/7","targetHints":{"allow":["GET"]}}],"collection":[{"href":"https:\/\/luxleder.com\/index.php?rest_route=\/wp\/v2\/pages"}],"about":[{"href":"https:\/\/luxleder.com\/index.php?rest_route=\/wp\/v2\/types\/page"}],"author":[{"embeddable":true,"href":"https:\/\/luxleder.com\/index.php?rest_route=\/wp\/v2\/users\/1"}],"replies":[{"embeddable":true,"href":"https:\/\/luxleder.com\/index.php?rest_route=%2Fwp%2Fv2%2Fcomments&post=7"}],"version-history":[{"count":3,"href":"https:\/\/luxleder.com\/index.php?rest_route=\/wp\/v2\/pages\/7\/revisions"}],"predecessor-version":[{"id":3510,"href":"https:\/\/luxleder.com\/index.php?rest_route=\/wp\/v2\/pages\/7\/revisions\/3510"}],"wp:attachment":[{"href":"https:\/\/luxleder.com\/index.php?rest_route=%2Fwp%2Fv2%2Fmedia&parent=7"}],"curies":[{"name":"wp","href":"https:\/\/api.w.org\/{rel}","templated":true}]}}