{"id":2686,"date":"2024-11-27T14:39:54","date_gmt":"2024-11-27T14:39:54","guid":{"rendered":"https:\/\/luxleder.com\/?post_type=product&#038;p=2686"},"modified":"2025-08-27T04:11:46","modified_gmt":"2025-08-27T07:11:46","slug":"cross-hakiki-deri-floater-body-bag","status":"publish","type":"product","link":"https:\/\/luxleder.com\/?product=cross-hakiki-deri-floater-body-bag","title":{"rendered":"Cross Hakiki Deri Floater Body Bag"},"content":{"rendered":"<div style=\"text-align: center\">\u2013 Hakiki\u00a0 %100 Dana derisinden \u00fcretilmi\u015ftir.<\/div>\n<div style=\"text-align: center\">\u2013 Unisex tasar\u0131m\u0131yla herkesin kullan\u0131m\u0131na uygun, \u015f\u0131k ve zamans\u0131z bir \u00e7anta.<\/div>\n<div style=\"text-align: center\">\u2013 G\u00fcnl\u00fck kullan\u0131ma uygun casual tarz\u0131yla her ortama kolayca uyum sa\u011flar.<\/div>\n<div style=\"text-align: center\">\u2013 Hakiki deri materyali sayesinde dayan\u0131kl\u0131l\u0131k ve kaliteyi bir arada sunar.<\/div>\n<div style=\"text-align: center\">\u2013 Ger\u00e7ek deri kalitesiyle \u00fcst\u00fcn dokunu\u015f hissi verir ve dayan\u0131kl\u0131l\u0131k sunar.<\/div>\n<div style=\"text-align: center\">\u2013 20cm x 32cm<\/div>\n<p style=\"text-align: center\"><strong><br \/>\n<a href=\"https:\/\/luxleder.com\/wp-content\/uploads\/2024\/11\/32-cm.jpg\"><img fetchpriority=\"high\" decoding=\"async\" class=\"size-medium wp-image-2679 aligncenter\" src=\"https:\/\/luxleder.com\/wp-content\/uploads\/2024\/11\/32-cm-300x300.jpg\" alt=\"\" width=\"300\" height=\"300\" srcset=\"https:\/\/luxleder.com\/wp-content\/uploads\/2024\/11\/32-cm-300x300.jpg 300w, https:\/\/luxleder.com\/wp-content\/uploads\/2024\/11\/32-cm-433x433.jpg 433w, https:\/\/luxleder.com\/wp-content\/uploads\/2024\/11\/32-cm-897x897.jpg 897w, https:\/\/luxleder.com\/wp-content\/uploads\/2024\/11\/32-cm-1024x1024.jpg 1024w, https:\/\/luxleder.com\/wp-content\/uploads\/2024\/11\/32-cm-150x150.jpg 150w, https:\/\/luxleder.com\/wp-content\/uploads\/2024\/11\/32-cm-768x768.jpg 768w, https:\/\/luxleder.com\/wp-content\/uploads\/2024\/11\/32-cm-100x100.jpg 100w, https:\/\/luxleder.com\/wp-content\/uploads\/2024\/11\/32-cm-451x451.jpg 451w, https:\/\/luxleder.com\/wp-content\/uploads\/2024\/11\/32-cm-912x912.jpg 912w, https:\/\/luxleder.com\/wp-content\/uploads\/2024\/11\/32-cm-565x565.jpg 565w, https:\/\/luxleder.com\/wp-content\/uploads\/2024\/11\/32-cm.jpg 1080w\" sizes=\"(max-width: 300px) 100vw, 300px\" \/><\/a><\/strong><\/p>\n<p style=\"text-align: center\">\n","protected":false},"excerpt":{"rendered":"<p>\u2013 Hakiki\u00a0 %100 Dana derisinden \u00fcretilmi\u015ftir. \u2013 Unisex tasar\u0131m\u0131yla herkesin kullan\u0131m\u0131na uygun, \u015f\u0131k ve zamans\u0131z&hellip;<\/p>\n","protected":false},"featured_media":2828,"template":"","meta":{"om_disable_all_campaigns":false},"product_brand":[],"product_cat":[69],"product_tag":[60],"class_list":{"0":"post-2686","1":"product","2":"type-product","3":"status-publish","4":"has-post-thumbnail","6":"product_cat-bag","7":"product_tag-lvcapraz-deri-canta","8":"pa_renk-kahve","9":"pa_renk-siyah","11":"first","12":"instock","13":"sale","14":"purchasable","15":"product-type-variable","16":"layout-style-6","17":"col-md-4 col-sm-4 col-xs-6","18":"col-lg-4","19":"product-has-gallery","20":"product-style-default"},"aioseo_notices":[],"_links":{"self":[{"href":"https:\/\/luxleder.com\/index.php?rest_route=\/wp\/v2\/product\/2686","targetHints":{"allow":["GET"]}}],"collection":[{"href":"https:\/\/luxleder.com\/index.php?rest_route=\/wp\/v2\/product"}],"about":[{"href":"https:\/\/luxleder.com\/index.php?rest_route=\/wp\/v2\/types\/product"}],"wp:featuredmedia":[{"embeddable":true,"href":"https:\/\/luxleder.com\/index.php?rest_route=\/wp\/v2\/media\/2828"}],"wp:attachment":[{"href":"https:\/\/luxleder.com\/index.php?rest_route=%2Fwp%2Fv2%2Fmedia&parent=2686"}],"wp:term":[{"taxonomy":"product_brand","embeddable":true,"href":"https:\/\/luxleder.com\/index.php?rest_route=%2Fwp%2Fv2%2Fproduct_brand&post=2686"},{"taxonomy":"product_cat","embeddable":true,"href":"https:\/\/luxleder.com\/index.php?rest_route=%2Fwp%2Fv2%2Fproduct_cat&post=2686"},{"taxonomy":"product_tag","embeddable":true,"href":"https:\/\/luxleder.com\/index.php?rest_route=%2Fwp%2Fv2%2Fproduct_tag&post=2686"}],"curies":[{"name":"wp","href":"https:\/\/api.w.org\/{rel}","templated":true}]}}