{"id":2874,"date":"2024-11-30T21:34:58","date_gmt":"2024-12-01T00:34:58","guid":{"rendered":"https:\/\/luxleder.com\/?post_type=product&#038;p=2874"},"modified":"2025-12-18T07:32:44","modified_gmt":"2025-12-18T10:32:44","slug":"timsah-derisi-erkek-kopcali-cuzdan","status":"publish","type":"product","link":"https:\/\/luxleder.com\/?product=timsah-derisi-erkek-kopcali-cuzdan","title":{"rendered":"Hakiki Timsah Derisi Kad\u0131n C\u00fczdan"},"content":{"rendered":"","protected":false},"excerpt":{"rendered":"<p>Hakiki Timsah Deri Kad\u0131n C\u00fczdan &#8211; \u0130\u00e7 k\u0131sm\u0131 Dana derisidir.<\/p>\n","protected":false},"featured_media":3355,"template":"","meta":{"om_disable_all_campaigns":false},"product_brand":[],"product_cat":[83],"product_tag":[66],"class_list":{"0":"post-2874","1":"product","2":"type-product","3":"status-publish","4":"has-post-thumbnail","6":"product_cat-kc","7":"product_tag-cuzdan-deri-timsah","8":"pa_renk-kahve","10":"first","11":"instock","12":"sale","13":"purchasable","14":"product-type-variable","15":"layout-style-6","16":"col-md-4 col-sm-4 col-xs-6","17":"col-lg-4","18":"product-has-gallery","19":"product-style-default"},"aioseo_notices":[],"_links":{"self":[{"href":"https:\/\/luxleder.com\/index.php?rest_route=\/wp\/v2\/product\/2874","targetHints":{"allow":["GET"]}}],"collection":[{"href":"https:\/\/luxleder.com\/index.php?rest_route=\/wp\/v2\/product"}],"about":[{"href":"https:\/\/luxleder.com\/index.php?rest_route=\/wp\/v2\/types\/product"}],"wp:featuredmedia":[{"embeddable":true,"href":"https:\/\/luxleder.com\/index.php?rest_route=\/wp\/v2\/media\/3355"}],"wp:attachment":[{"href":"https:\/\/luxleder.com\/index.php?rest_route=%2Fwp%2Fv2%2Fmedia&parent=2874"}],"wp:term":[{"taxonomy":"product_brand","embeddable":true,"href":"https:\/\/luxleder.com\/index.php?rest_route=%2Fwp%2Fv2%2Fproduct_brand&post=2874"},{"taxonomy":"product_cat","embeddable":true,"href":"https:\/\/luxleder.com\/index.php?rest_route=%2Fwp%2Fv2%2Fproduct_cat&post=2874"},{"taxonomy":"product_tag","embeddable":true,"href":"https:\/\/luxleder.com\/index.php?rest_route=%2Fwp%2Fv2%2Fproduct_tag&post=2874"}],"curies":[{"name":"wp","href":"https:\/\/api.w.org\/{rel}","templated":true}]}}