{"id":3190,"date":"2024-12-13T14:02:27","date_gmt":"2024-12-13T17:02:27","guid":{"rendered":"https:\/\/luxleder.com\/?post_type=product&#038;p=3190"},"modified":"2026-04-03T06:49:17","modified_gmt":"2026-04-03T09:49:17","slug":"hakiki-floater-deri-seyahat-tras-cantasi-dopp-kit","status":"publish","type":"product","link":"https:\/\/luxleder.com\/?product=hakiki-floater-deri-seyahat-tras-cantasi-dopp-kit","title":{"rendered":"Hakiki Floater Deri Seyahat \/ Tra\u015f \u00c7antas\u0131 Dopp Kit"},"content":{"rendered":"<p style=\"text-align: center\"><strong>%100 Hakiki \u00d6zel Tasar\u0131m 1. S\u0131n\u0131f Deriden imal edilmi\u015ftir.<\/strong><\/p>\n<p style=\"text-align: center\"><strong>Geni\u015f i\u00e7 hacmiyle b\u00fcy\u00fck boy tasar\u0131m\u0131 , g\u00fcnl\u00fck kullan\u0131m i\u00e7in yeterli alan sunar.<\/strong><\/p>\n<p style=\"text-align: center\"><strong>Tra\u015fl\u0131k deri \u00e7anta, dayan\u0131kl\u0131l\u0131\u011f\u0131 ve \u015f\u0131kl\u0131\u011f\u0131 ile \u00f6ne \u00e7\u0131kan, \u00f6zellikle kaliteli i\u015f\u00e7ilikle \u00fcretilen bir \u00e7anta t\u00fcr\u00fcd\u00fcr.<\/strong><\/p>\n<p style=\"text-align: center\"><strong>\u00d6n B\u00f6lme de Fermuarl\u0131 B\u00f6lme mevcuttur.<\/strong><\/p>\n<p style=\"text-align: center\"><strong>Tutma yeri Hakiki deridir ,sa\u011flamd\u0131r kopma yapmaz.<\/strong><\/p>\n<p style=\"text-align: center\"><strong>\u00dcr\u00fcn \u00d6l\u00e7\u00fcleri 25x12x15<\/strong><\/p>\n<p><a href=\"https:\/\/luxleder.com\/wp-content\/uploads\/2024\/12\/32-cm-2-1.jpg\"><img fetchpriority=\"high\" decoding=\"async\" class=\"size-medium wp-image-3302 aligncenter\" src=\"https:\/\/luxleder.com\/wp-content\/uploads\/2024\/12\/32-cm-2-1-300x300.jpg\" alt=\"\" width=\"300\" height=\"300\" srcset=\"https:\/\/luxleder.com\/wp-content\/uploads\/2024\/12\/32-cm-2-1-300x300.jpg 300w, https:\/\/luxleder.com\/wp-content\/uploads\/2024\/12\/32-cm-2-1-1024x1024.jpg 1024w, https:\/\/luxleder.com\/wp-content\/uploads\/2024\/12\/32-cm-2-1-150x150.jpg 150w, https:\/\/luxleder.com\/wp-content\/uploads\/2024\/12\/32-cm-2-1-768x768.jpg 768w, https:\/\/luxleder.com\/wp-content\/uploads\/2024\/12\/32-cm-2-1-100x100.jpg 100w, https:\/\/luxleder.com\/wp-content\/uploads\/2024\/12\/32-cm-2-1-433x433.jpg 433w, https:\/\/luxleder.com\/wp-content\/uploads\/2024\/12\/32-cm-2-1-897x897.jpg 897w, https:\/\/luxleder.com\/wp-content\/uploads\/2024\/12\/32-cm-2-1.jpg 1080w\" sizes=\"(max-width: 300px) 100vw, 300px\" \/><\/a><\/p>\n","protected":false},"excerpt":{"rendered":"<p>%100 Hakiki \u00d6zel Tasar\u0131m 1. S\u0131n\u0131f Deriden imal edilmi\u015ftir. Geni\u015f i\u00e7 hacmiyle b\u00fcy\u00fck boy tasar\u0131m\u0131&hellip;<\/p>\n","protected":false},"featured_media":3321,"template":"","meta":{"om_disable_all_campaigns":false},"product_brand":[],"product_cat":[73],"product_tag":[],"class_list":{"0":"post-3190","1":"product","2":"type-product","3":"status-publish","4":"has-post-thumbnail","6":"product_cat-tras","7":"pa_renk-kahve","8":"pa_renk-lacivert","9":"pa_renk-siyah","11":"first","12":"instock","13":"sale","14":"taxable","15":"shipping-taxable","16":"purchasable","17":"product-type-variable","18":"layout-style-6","19":"col-md-4 col-sm-4 col-xs-6","20":"col-lg-4","21":"product-has-gallery","22":"product-style-default"},"aioseo_notices":[],"_links":{"self":[{"href":"https:\/\/luxleder.com\/index.php?rest_route=\/wp\/v2\/product\/3190","targetHints":{"allow":["GET"]}}],"collection":[{"href":"https:\/\/luxleder.com\/index.php?rest_route=\/wp\/v2\/product"}],"about":[{"href":"https:\/\/luxleder.com\/index.php?rest_route=\/wp\/v2\/types\/product"}],"wp:featuredmedia":[{"embeddable":true,"href":"https:\/\/luxleder.com\/index.php?rest_route=\/wp\/v2\/media\/3321"}],"wp:attachment":[{"href":"https:\/\/luxleder.com\/index.php?rest_route=%2Fwp%2Fv2%2Fmedia&parent=3190"}],"wp:term":[{"taxonomy":"product_brand","embeddable":true,"href":"https:\/\/luxleder.com\/index.php?rest_route=%2Fwp%2Fv2%2Fproduct_brand&post=3190"},{"taxonomy":"product_cat","embeddable":true,"href":"https:\/\/luxleder.com\/index.php?rest_route=%2Fwp%2Fv2%2Fproduct_cat&post=3190"},{"taxonomy":"product_tag","embeddable":true,"href":"https:\/\/luxleder.com\/index.php?rest_route=%2Fwp%2Fv2%2Fproduct_tag&post=3190"}],"curies":[{"name":"wp","href":"https:\/\/api.w.org\/{rel}","templated":true}]}}