{"id":3220,"date":"2024-12-13T15:37:58","date_gmt":"2024-12-13T18:37:58","guid":{"rendered":"https:\/\/luxleder.com\/?post_type=product&#038;p=3220"},"modified":"2025-07-21T08:21:46","modified_gmt":"2025-07-21T11:21:46","slug":"hakiki-deri-kagit-baski-cuzdan","status":"publish","type":"product","link":"https:\/\/luxleder.com\/?product=hakiki-deri-kagit-baski-cuzdan","title":{"rendered":"Hakiki Deri Ka\u011f\u0131t Bask\u0131 C\u00fczdan"},"content":{"rendered":"<ul>\n<li style=\"text-align: left\"><strong>%100 Hakiki deriden yap\u0131lm\u0131\u015f olup, dayan\u0131kl\u0131 ve uzun \u00f6m\u00fcrl\u00fc kullan\u0131m sa\u011flar.<\/strong><\/li>\n<li style=\"text-align: left\"><strong>\u0130\u00e7i ve d\u0131\u015f\u0131 hakiki deri kullan\u0131lm\u0131\u015ft\u0131r.<\/strong><\/li>\n<li style=\"text-align: left\"><strong>Unisex tasar\u0131m\u0131 ile hem kad\u0131nlar hem de erkekler i\u00e7in uygun, \u015f\u0131k ve kullan\u0131\u015fl\u0131 bir aksesuar.<\/strong><\/li>\n<li style=\"text-align: left\"><strong>Casual ve g\u00fcnl\u00fck ortamlarda rahatl\u0131kla kullanabilece\u011finiz bir \u00fcr\u00fcnd\u00fcr.<\/strong><\/li>\n<li style=\"text-align: left\"><strong>\u00dcr\u00fcnlerimizin tamam\u0131nda \u00f6zel Tasar\u0131m son Moda %100 hakiki deriler kullan\u0131lmaktad\u0131r.<\/strong><\/li>\n<\/ul>\n","protected":false},"excerpt":{"rendered":"<p>%100 Hakiki deriden yap\u0131lm\u0131\u015f olup, dayan\u0131kl\u0131 ve uzun \u00f6m\u00fcrl\u00fc kullan\u0131m sa\u011flar. \u0130\u00e7i ve d\u0131\u015f\u0131 hakiki&hellip;<\/p>\n","protected":false},"featured_media":3269,"template":"","meta":{"om_disable_all_campaigns":false},"product_brand":[],"product_cat":[71],"product_tag":[],"class_list":{"0":"post-3220","1":"product","2":"type-product","3":"status-publish","4":"has-post-thumbnail","6":"product_cat-wallet","7":"pa_renk-turuncu","9":"first","10":"instock","11":"sale","12":"taxable","13":"shipping-taxable","14":"purchasable","15":"product-type-variable","16":"layout-style-6","17":"col-md-4 col-sm-4 col-xs-6","18":"col-lg-4","19":"product-has-gallery","20":"product-style-default"},"aioseo_notices":[],"_links":{"self":[{"href":"https:\/\/luxleder.com\/index.php?rest_route=\/wp\/v2\/product\/3220","targetHints":{"allow":["GET"]}}],"collection":[{"href":"https:\/\/luxleder.com\/index.php?rest_route=\/wp\/v2\/product"}],"about":[{"href":"https:\/\/luxleder.com\/index.php?rest_route=\/wp\/v2\/types\/product"}],"wp:featuredmedia":[{"embeddable":true,"href":"https:\/\/luxleder.com\/index.php?rest_route=\/wp\/v2\/media\/3269"}],"wp:attachment":[{"href":"https:\/\/luxleder.com\/index.php?rest_route=%2Fwp%2Fv2%2Fmedia&parent=3220"}],"wp:term":[{"taxonomy":"product_brand","embeddable":true,"href":"https:\/\/luxleder.com\/index.php?rest_route=%2Fwp%2Fv2%2Fproduct_brand&post=3220"},{"taxonomy":"product_cat","embeddable":true,"href":"https:\/\/luxleder.com\/index.php?rest_route=%2Fwp%2Fv2%2Fproduct_cat&post=3220"},{"taxonomy":"product_tag","embeddable":true,"href":"https:\/\/luxleder.com\/index.php?rest_route=%2Fwp%2Fv2%2Fproduct_tag&post=3220"}],"curies":[{"name":"wp","href":"https:\/\/api.w.org\/{rel}","templated":true}]}}