{"id":3468,"date":"2025-01-07T20:50:13","date_gmt":"2025-01-07T23:50:13","guid":{"rendered":"https:\/\/luxleder.com\/?post_type=product&#038;p=3468"},"modified":"2025-09-15T06:43:02","modified_gmt":"2025-09-15T09:43:02","slug":"hakiki-deri-sac-orgu-miknatisli-bileklik","status":"publish","type":"product","link":"https:\/\/luxleder.com\/?product=hakiki-deri-sac-orgu-miknatisli-bileklik","title":{"rendered":"Hakiki Deri Sa\u00e7 \u00d6rg\u00fc M\u0131knat\u0131sl\u0131 Bileklik"},"content":{"rendered":"<ul>\n<li>%100 hakiki deri materyal kullan\u0131larak \u00fcretilmi\u015f, uzun \u00f6m\u00fcrl\u00fc ve dayan\u0131kl\u0131 bir aksesuar deneyimi sunar.<\/li>\n<li>Do\u011fal dokusu ve \u015f\u0131k tasar\u0131m\u0131yla dikkat \u00e7eken bu bileklik, her t\u00fcrl\u00fc k\u0131yafetle kolayca uyum sa\u011flar.<\/li>\n<li>\u00c7elik m\u0131knat\u0131s kilit sistemi sayesinde bileklik g\u00fcvenli bir \u015fekilde tak\u0131l\u0131p \u00e7\u0131kar\u0131labilir.<\/li>\n<li>Unisex tasar\u0131m\u0131 ile hem kad\u0131nlar hem de erkekler taraf\u0131ndan rahatl\u0131kla tercih edilebilir.<\/li>\n<li>Deri bilekliklerde Do\u011fal olarak renk ve desenlerde k\u00fc\u00e7\u00fck farkl\u0131l\u0131klar olabilir.<\/li>\n<\/ul>\n","protected":false},"excerpt":{"rendered":"<p>%100 hakiki deri materyal kullan\u0131larak \u00fcretilmi\u015f, uzun \u00f6m\u00fcrl\u00fc ve dayan\u0131kl\u0131 bir aksesuar deneyimi sunar. Do\u011fal&hellip;<\/p>\n","protected":false},"featured_media":3439,"template":"","meta":{"om_disable_all_campaigns":false},"product_brand":[],"product_cat":[77],"product_tag":[],"class_list":{"0":"post-3468","1":"product","2":"type-product","3":"status-publish","4":"has-post-thumbnail","6":"product_cat-bileklik","7":"pa_beden-20-21","8":"pa_renk-bordo","9":"pa_renk-haki","10":"pa_renk-kahve","11":"pa_renk-siyah","13":"first","14":"instock","15":"sale","16":"taxable","17":"shipping-taxable","18":"purchasable","19":"product-type-variable","20":"layout-style-6","21":"col-md-4 col-sm-4 col-xs-6","22":"col-lg-4","23":"product-has-gallery","24":"product-style-default"},"aioseo_notices":[],"_links":{"self":[{"href":"https:\/\/luxleder.com\/index.php?rest_route=\/wp\/v2\/product\/3468","targetHints":{"allow":["GET"]}}],"collection":[{"href":"https:\/\/luxleder.com\/index.php?rest_route=\/wp\/v2\/product"}],"about":[{"href":"https:\/\/luxleder.com\/index.php?rest_route=\/wp\/v2\/types\/product"}],"wp:featuredmedia":[{"embeddable":true,"href":"https:\/\/luxleder.com\/index.php?rest_route=\/wp\/v2\/media\/3439"}],"wp:attachment":[{"href":"https:\/\/luxleder.com\/index.php?rest_route=%2Fwp%2Fv2%2Fmedia&parent=3468"}],"wp:term":[{"taxonomy":"product_brand","embeddable":true,"href":"https:\/\/luxleder.com\/index.php?rest_route=%2Fwp%2Fv2%2Fproduct_brand&post=3468"},{"taxonomy":"product_cat","embeddable":true,"href":"https:\/\/luxleder.com\/index.php?rest_route=%2Fwp%2Fv2%2Fproduct_cat&post=3468"},{"taxonomy":"product_tag","embeddable":true,"href":"https:\/\/luxleder.com\/index.php?rest_route=%2Fwp%2Fv2%2Fproduct_tag&post=3468"}],"curies":[{"name":"wp","href":"https:\/\/api.w.org\/{rel}","templated":true}]}}