{"id":3570,"date":"2025-02-21T07:30:59","date_gmt":"2025-02-21T10:30:59","guid":{"rendered":"https:\/\/luxleder.com\/?post_type=product&#038;p=3570"},"modified":"2025-08-14T04:48:08","modified_gmt":"2025-08-14T07:48:08","slug":"hakiki-deri-portfoy-canta","status":"publish","type":"product","link":"https:\/\/luxleder.com\/?product=hakiki-deri-portfoy-canta","title":{"rendered":"Hakiki Deri Portf\u00f6y \u00c7anta"},"content":{"rendered":"<h4 style=\"text-align: center\">Portf\u00f6y Deri \u00c7anta<br \/>\n%100 Hakiki \u00d6zel Tasar\u0131m 1. S\u0131n\u0131f Deriden imal edilmi\u015ftir.<br \/>\n\u0130\u00e7i ve d\u0131\u015f\u0131 %100 hakiki deridir.<br \/>\nGeni\u015f i\u00e7 hacmiyle b\u00fcy\u00fck boy tasar\u0131m\u0131 , g\u00fcnl\u00fck kullan\u0131m i\u00e7in yeterli alan sunar.<br \/>\nDayan\u0131kl\u0131l\u0131\u011f\u0131 ve \u015f\u0131kl\u0131\u011f\u0131 ile \u00f6ne \u00e7\u0131kan, \u00f6zellikle kaliteli i\u015f\u00e7ilikle \u00fcretilen bir \u00e7anta t\u00fcr\u00fcd\u00fcr.<br \/>\n\u00d6n B\u00f6lme de Fermuarl\u0131 B\u00f6lme mevcuttur.<br \/>\nTutma yeri Hakiki deridir ,sa\u011flamd\u0131r kopma yapmaz.<br \/>\n\u00dcr\u00fcn \u00d6l\u00e7\u00fcleri 25x12x5 ;12 adet kart b\u00f6lmesi, 1 adet fermuarl\u0131 b\u00f6lmesi ve nakit paralar\u0131n\u0131z\u0131 ve telefonunuzu koyabilece\u011finiz geni\u015f yap\u0131s\u0131nda g\u00fcnl\u00fck kullan\u0131mda sizler konfor sunar.<\/h4>\n","protected":false},"excerpt":{"rendered":"<p>Portf\u00f6y Deri \u00c7anta %100 Hakiki \u00d6zel Tasar\u0131m 1. S\u0131n\u0131f Deriden imal edilmi\u015ftir. \u0130\u00e7i ve d\u0131\u015f\u0131&hellip;<\/p>\n","protected":false},"featured_media":3576,"template":"","meta":{"om_disable_all_campaigns":false},"product_brand":[],"product_cat":[84],"product_tag":[],"class_list":{"0":"post-3570","1":"product","2":"type-product","3":"status-publish","4":"has-post-thumbnail","6":"product_cat-portfoy","7":"pa_renk-kahve","8":"pa_renk-lacivert","9":"pa_renk-siyah","11":"first","12":"instock","13":"sale","14":"taxable","15":"shipping-taxable","16":"purchasable","17":"product-type-variable","18":"layout-style-6","19":"col-md-4 col-sm-4 col-xs-6","20":"col-lg-4","21":"product-has-gallery","22":"product-style-default"},"aioseo_notices":[],"_links":{"self":[{"href":"https:\/\/luxleder.com\/index.php?rest_route=\/wp\/v2\/product\/3570","targetHints":{"allow":["GET"]}}],"collection":[{"href":"https:\/\/luxleder.com\/index.php?rest_route=\/wp\/v2\/product"}],"about":[{"href":"https:\/\/luxleder.com\/index.php?rest_route=\/wp\/v2\/types\/product"}],"wp:featuredmedia":[{"embeddable":true,"href":"https:\/\/luxleder.com\/index.php?rest_route=\/wp\/v2\/media\/3576"}],"wp:attachment":[{"href":"https:\/\/luxleder.com\/index.php?rest_route=%2Fwp%2Fv2%2Fmedia&parent=3570"}],"wp:term":[{"taxonomy":"product_brand","embeddable":true,"href":"https:\/\/luxleder.com\/index.php?rest_route=%2Fwp%2Fv2%2Fproduct_brand&post=3570"},{"taxonomy":"product_cat","embeddable":true,"href":"https:\/\/luxleder.com\/index.php?rest_route=%2Fwp%2Fv2%2Fproduct_cat&post=3570"},{"taxonomy":"product_tag","embeddable":true,"href":"https:\/\/luxleder.com\/index.php?rest_route=%2Fwp%2Fv2%2Fproduct_tag&post=3570"}],"curies":[{"name":"wp","href":"https:\/\/api.w.org\/{rel}","templated":true}]}}