{"id":3620,"date":"2025-02-21T20:02:56","date_gmt":"2025-02-21T23:02:56","guid":{"rendered":"https:\/\/luxleder.com\/?post_type=product&#038;p=3620"},"modified":"2025-12-24T16:54:40","modified_gmt":"2025-12-24T19:54:40","slug":"vico-hakiki-deri-leopar-baski-suet-cuzdan","status":"publish","type":"product","link":"https:\/\/luxleder.com\/?product=vico-hakiki-deri-leopar-baski-suet-cuzdan","title":{"rendered":"Vico Hakiki Deri Leopar Bask\u0131 S\u00fcet C\u00fczdan"},"content":{"rendered":"<p style=\"text-align: center\">Lv Vico C\u00fczdan %100 Hakiki i\u00e7i d\u0131\u015f\u0131 deri Vico C\u00fczdan zarafet ve i\u015flevselli\u011fi bir araya getiriyor.<br \/>\nHakiki deri malzemesi ile uzun \u00f6m\u00fcrl\u00fc kullan\u0131m sunar ve \u015f\u0131k bir g\u00f6r\u00fcn\u00fcm sa\u011flar.<br \/>\n\u015e\u0131k ve pratik yap\u0131s\u0131 ile \u00f6ne \u00e7\u0131kan bu c\u00fczdan, kart yuvalar\u0131 ve ka\u011f\u0131t ile bozuk para i\u00e7in cepler gibi pek \u00e7ok kullan\u0131\u015fl\u0131 \u00f6zelli\u011fi bar\u0131nd\u0131r\u0131yor.<br \/>\nDayan\u0131kl\u0131l\u0131\u011f\u0131 ve \u015f\u0131kl\u0131\u011f\u0131 bir arada sunuyor.<br \/>\n\u015e\u0131kl\u0131\u011f\u0131 kadar pratikli\u011fiyle de dikkat \u00e7eken bu c\u00fczdan g\u00fcnl\u00fck kullan\u0131mda t\u00fcm \u00f6nemli e\u015fyalar\u0131n\u0131z\u0131 d\u00fczenli bir \u015fekilde ta\u015f\u0131man\u0131za olanak tan\u0131r.<br \/>\nHakiki deri malzemesi ile uzun \u00f6m\u00fcrl\u00fc kullan\u0131m sunar ve \u015f\u0131k bir g\u00f6r\u00fcn\u00fcm sa\u011flar.<br \/>\nUnisex tasar\u0131m\u0131 ile hem kad\u0131nlar hem de erkekler i\u00e7in uygun, \u015f\u0131k ve kullan\u0131\u015fl\u0131 bir aksesuar.<\/p>\n<p style=\"text-align: center\">Casual ve g\u00fcnl\u00fck ortamlarda rahatl\u0131kla kullanabilece\u011finiz bir \u00fcr\u00fcnd\u00fcr<br \/>\n\u00dcr\u00fcnlerimizin tamam\u0131n da \u00d6zel Tasar\u0131m Son Moda %100 hakiki deriler kullan\u0131lmaktad\u0131r.<br \/>\n\u2022 Boyutlar: 12 x 9,5 x 2,5 cm (Uzunluk x Y\u00fckseklik x Geni\u015flik)<br \/>\n\u2022 \u2022 Fermuarl\u0131 bozuk para cebi<br \/>\n\u2022 \u2022 Ka\u011f\u0131t para cebi<br \/>\n\u2022 \u2022 2 d\u00fcz cep<br \/>\n\u2022 \u2022 6 kart yuvas\u0131<\/p>\n","protected":false},"excerpt":{"rendered":"<p>Lv Vico C\u00fczdan %100 Hakiki i\u00e7i d\u0131\u015f\u0131 deri Vico C\u00fczdan zarafet ve i\u015flevselli\u011fi bir araya&hellip;<\/p>\n","protected":false},"featured_media":3584,"template":"","meta":{"om_disable_all_campaigns":false},"product_brand":[],"product_cat":[85],"product_tag":[],"class_list":{"0":"post-3620","1":"product","2":"type-product","3":"status-publish","4":"has-post-thumbnail","6":"product_cat-vico-cuzdan","7":"pa_renk-kirmizi","8":"pa_renk-sari","9":"pa_renk-turuncu","11":"first","12":"instock","13":"sale","14":"taxable","15":"shipping-taxable","16":"purchasable","17":"product-type-variable","18":"layout-style-6","19":"col-md-4 col-sm-4 col-xs-6","20":"col-lg-4","21":"product-has-gallery","22":"product-style-default"},"aioseo_notices":[],"_links":{"self":[{"href":"https:\/\/luxleder.com\/index.php?rest_route=\/wp\/v2\/product\/3620","targetHints":{"allow":["GET"]}}],"collection":[{"href":"https:\/\/luxleder.com\/index.php?rest_route=\/wp\/v2\/product"}],"about":[{"href":"https:\/\/luxleder.com\/index.php?rest_route=\/wp\/v2\/types\/product"}],"wp:featuredmedia":[{"embeddable":true,"href":"https:\/\/luxleder.com\/index.php?rest_route=\/wp\/v2\/media\/3584"}],"wp:attachment":[{"href":"https:\/\/luxleder.com\/index.php?rest_route=%2Fwp%2Fv2%2Fmedia&parent=3620"}],"wp:term":[{"taxonomy":"product_brand","embeddable":true,"href":"https:\/\/luxleder.com\/index.php?rest_route=%2Fwp%2Fv2%2Fproduct_brand&post=3620"},{"taxonomy":"product_cat","embeddable":true,"href":"https:\/\/luxleder.com\/index.php?rest_route=%2Fwp%2Fv2%2Fproduct_cat&post=3620"},{"taxonomy":"product_tag","embeddable":true,"href":"https:\/\/luxleder.com\/index.php?rest_route=%2Fwp%2Fv2%2Fproduct_tag&post=3620"}],"curies":[{"name":"wp","href":"https:\/\/api.w.org\/{rel}","templated":true}]}}